{"id":828,"date":"2021-03-07T14:42:13","date_gmt":"2021-03-07T13:42:13","guid":{"rendered":"http:\/\/wfw.hottenstein.de\/?page_id=828"},"modified":"2021-03-07T14:45:33","modified_gmt":"2021-03-07T13:45:33","slug":"rapido-caracol-finn-und-lara-jagen-den-fahrraddieb","status":"publish","type":"page","link":"http:\/\/wfw.hottenstein.de\/?page_id=828","title":{"rendered":"Rapido Caracol &#8211; Finn und Lara jagen den Fahrraddieb"},"content":{"rendered":"\n<figure class=\"wp-block-image size-large is-resized\"><img decoding=\"async\" loading=\"lazy\" src=\"http:\/\/wfw.hottenstein.de\/wp-content\/uploads\/2021\/03\/Titel-Rapido-Caracol.png\" alt=\"\" class=\"wp-image-829\" width=\"254\" height=\"410\" srcset=\"http:\/\/wfw.hottenstein.de\/wp-content\/uploads\/2021\/03\/Titel-Rapido-Caracol.png 507w, http:\/\/wfw.hottenstein.de\/wp-content\/uploads\/2021\/03\/Titel-Rapido-Caracol-186x300.png 186w\" sizes=\"(max-width: 254px) 100vw, 254px\" \/><\/figure>\n\n\n\n<p>Wir im Dschungel sagen:<\/p>\n\n\n\n<p>Wer anderen eine Grube gr\u00e4bt, kann k\u00f6stlich speisen.<\/p>\n\n\n\n<p>Weisheit der Trichterspinne<\/p>\n\n\n\n<p>Das Faultier Rapido Caracol kennt sich aus, im Dschungel, aber auch in der Stadt, sagt er. Immerhin ist er aus dem Zoo ausgebrochen, weil ihm langweilig war.<\/p>\n\n\n\n<p>Nun will er Lara und Finn helfen, ihre gestohlenen Fahrr\u00e4der wiederzufinden und den Dieb zu \u00fcberf\u00fchren. Wie gut, dass er im Zoo nicht nur die Sprache der Menschen sondern auch vieler anderer Tiere gelernt hat. Doch wie k\u00f6nnen seine Weisheiten helfen, den Dieb zu finden?<\/p>\n","protected":false},"excerpt":{"rendered":"<p>Wir im Dschungel sagen: Wer anderen eine Grube gr\u00e4bt, kann k\u00f6stlich speisen. Weisheit der Trichterspinne Das Faultier Rapido Caracol kennt sich aus, im Dschungel, aber auch in der Stadt, sagt er. Immerhin ist er aus dem Zoo ausgebrochen, weil ihm langweilig war. Nun will er Lara und Finn helfen, ihre gestohlenen Fahrr\u00e4der wiederzufinden und den [&hellip;]<\/p>\n","protected":false},"author":1,"featured_media":0,"parent":387,"menu_order":1,"comment_status":"open","ping_status":"closed","template":"","meta":[],"_links":{"self":[{"href":"http:\/\/wfw.hottenstein.de\/index.php?rest_route=\/wp\/v2\/pages\/828"}],"collection":[{"href":"http:\/\/wfw.hottenstein.de\/index.php?rest_route=\/wp\/v2\/pages"}],"about":[{"href":"http:\/\/wfw.hottenstein.de\/index.php?rest_route=\/wp\/v2\/types\/page"}],"author":[{"embeddable":true,"href":"http:\/\/wfw.hottenstein.de\/index.php?rest_route=\/wp\/v2\/users\/1"}],"replies":[{"embeddable":true,"href":"http:\/\/wfw.hottenstein.de\/index.php?rest_route=%2Fwp%2Fv2%2Fcomments&post=828"}],"version-history":[{"count":1,"href":"http:\/\/wfw.hottenstein.de\/index.php?rest_route=\/wp\/v2\/pages\/828\/revisions"}],"predecessor-version":[{"id":830,"href":"http:\/\/wfw.hottenstein.de\/index.php?rest_route=\/wp\/v2\/pages\/828\/revisions\/830"}],"up":[{"embeddable":true,"href":"http:\/\/wfw.hottenstein.de\/index.php?rest_route=\/wp\/v2\/pages\/387"}],"wp:attachment":[{"href":"http:\/\/wfw.hottenstein.de\/index.php?rest_route=%2Fwp%2Fv2%2Fmedia&parent=828"}],"curies":[{"name":"wp","href":"https:\/\/api.w.org\/{rel}","templated":true}]}}