{"id":820,"date":"2021-03-07T14:37:38","date_gmt":"2021-03-07T13:37:38","guid":{"rendered":"http:\/\/wfw.hottenstein.de\/?page_id=820"},"modified":"2021-03-07T14:44:55","modified_gmt":"2021-03-07T13:44:55","slug":"il-mondo-carillon-die-welt-hinter-der-spieluhr","status":"publish","type":"page","link":"http:\/\/wfw.hottenstein.de\/?page_id=820","title":{"rendered":"Il Mondo Carillon &#8211; Die Welt hinter der Spieluhr"},"content":{"rendered":"\n<figure class=\"wp-block-image size-large is-resized\"><img decoding=\"async\" loading=\"lazy\" src=\"http:\/\/wfw.hottenstein.de\/wp-content\/uploads\/2021\/03\/Titel-Il-Mondo-Carillon.jpg\" alt=\"\" class=\"wp-image-821\" width=\"254\" height=\"403\" srcset=\"http:\/\/wfw.hottenstein.de\/wp-content\/uploads\/2021\/03\/Titel-Il-Mondo-Carillon.jpg 507w, http:\/\/wfw.hottenstein.de\/wp-content\/uploads\/2021\/03\/Titel-Il-Mondo-Carillon-189x300.jpg 189w\" sizes=\"(max-width: 254px) 100vw, 254px\" \/><\/figure>\n\n\n\n<p>Ihre beste Freundin Janina ist weggezogen. Ihre Eltern sind tot. Sie selbst streift, winzig wie eine Biene durch Il Mondo Carillon.<\/p>\n\n\n\n<p>Jeder Grashalm ein Hindernis, jede Brennnessel eine t\u00f6dliche Gefahr. Doch Susi gibt nicht auf. Sie muss ihre Oma befreien, sonst bleibt sie ganz allein. Zum Gl\u00fcck begegnet sie einem Orakel.<\/p>\n\n\n\n<p><strong>\u201eWenn Licht und Dunkelheit um die Vorherrschaft streiten,<\/strong><\/p>\n\n\n\n<p><strong>gewinnst du das Elixier, mit dem du deine Feinde besiegen kannst.\u201c<\/strong><\/p>\n\n\n\n<p>Was soll das bedeuten? Allein gelingt ihr das niemals. Wem kann sie vertrauen?<\/p>\n\n\n\n<p>Ein fantastisches Abenteuer, f\u00fcr M\u00e4dchen ab 8 Jahren, \u00fcber Freundschaft und innere St\u00e4rke.<\/p>\n","protected":false},"excerpt":{"rendered":"<p>Ihre beste Freundin Janina ist weggezogen. Ihre Eltern sind tot. Sie selbst streift, winzig wie eine Biene durch Il Mondo Carillon. Jeder Grashalm ein Hindernis, jede Brennnessel eine t\u00f6dliche Gefahr. Doch Susi gibt nicht auf. Sie muss ihre Oma befreien, sonst bleibt sie ganz allein. Zum Gl\u00fcck begegnet sie einem Orakel. \u201eWenn Licht und Dunkelheit [&hellip;]<\/p>\n","protected":false},"author":1,"featured_media":0,"parent":387,"menu_order":4,"comment_status":"open","ping_status":"closed","template":"","meta":[],"_links":{"self":[{"href":"http:\/\/wfw.hottenstein.de\/index.php?rest_route=\/wp\/v2\/pages\/820"}],"collection":[{"href":"http:\/\/wfw.hottenstein.de\/index.php?rest_route=\/wp\/v2\/pages"}],"about":[{"href":"http:\/\/wfw.hottenstein.de\/index.php?rest_route=\/wp\/v2\/types\/page"}],"author":[{"embeddable":true,"href":"http:\/\/wfw.hottenstein.de\/index.php?rest_route=\/wp\/v2\/users\/1"}],"replies":[{"embeddable":true,"href":"http:\/\/wfw.hottenstein.de\/index.php?rest_route=%2Fwp%2Fv2%2Fcomments&post=820"}],"version-history":[{"count":1,"href":"http:\/\/wfw.hottenstein.de\/index.php?rest_route=\/wp\/v2\/pages\/820\/revisions"}],"predecessor-version":[{"id":822,"href":"http:\/\/wfw.hottenstein.de\/index.php?rest_route=\/wp\/v2\/pages\/820\/revisions\/822"}],"up":[{"embeddable":true,"href":"http:\/\/wfw.hottenstein.de\/index.php?rest_route=\/wp\/v2\/pages\/387"}],"wp:attachment":[{"href":"http:\/\/wfw.hottenstein.de\/index.php?rest_route=%2Fwp%2Fv2%2Fmedia&parent=820"}],"curies":[{"name":"wp","href":"https:\/\/api.w.org\/{rel}","templated":true}]}}