{"id":71,"date":"2016-05-16T15:41:29","date_gmt":"2016-05-16T14:41:29","guid":{"rendered":"http:\/\/drachen.hottenstein.de\/?page_id=71"},"modified":"2016-05-16T15:41:29","modified_gmt":"2016-05-16T14:41:29","slug":"drachenfluege","status":"publish","type":"page","link":"http:\/\/wfw.hottenstein.de\/?page_id=71","title":{"rendered":"Drachenfl\u00fcge"},"content":{"rendered":"<p><strong>&#8222;Drachenfl\u00fcge&#8220;<\/strong><\/p>\n<figure id=\"attachment_27\" aria-describedby=\"caption-attachment-27\" style=\"width: 225px\" class=\"wp-caption alignright\"><img decoding=\"async\" loading=\"lazy\" class=\"size-medium wp-image-27\" src=\"http:\/\/drachen.hottenstein.de\/wp-content\/uploads\/2016\/05\/Titel-mit-runden-Ecken-225x300.png\" alt=\"Titelbild des Buches Drachenfl\u00fcge\" width=\"225\" height=\"300\" srcset=\"http:\/\/wfw.hottenstein.de\/wp-content\/uploads\/2016\/05\/Titel-mit-runden-Ecken-225x300.png 225w, http:\/\/wfw.hottenstein.de\/wp-content\/uploads\/2016\/05\/Titel-mit-runden-Ecken-768x1026.png 768w, http:\/\/wfw.hottenstein.de\/wp-content\/uploads\/2016\/05\/Titel-mit-runden-Ecken-767x1024.png 767w\" sizes=\"(max-width: 225px) 100vw, 225px\" \/><figcaption id=\"caption-attachment-27\" class=\"wp-caption-text\">340 Seiten, 15,90 Euro<\/figcaption><\/figure>\n<p><em>Kalindus sah dem Ritter in die Augen und wusste, sein Leben war verwirkt. \u201eIch habe dich besiegt\u201c, \u00e4chzte der Mann und setzte das scharfe Schwert \u00fcber das Hauptherz des Drachen. Durch den Kampf hatte er dort seine Panzerung verloren. \u201eT\u00f6te mich nicht! Ich werde nie wieder deine St\u00e4dte heimsuchen oder Felder verw\u00fcsten. Bitte!\u201c Doch der Blick des Ritters blieb hart. Schon tropfte etwas gr\u00fcnes Blut durch Kalindus Haut, da trampelte sein Weibchen Aramada in die H\u00f6hle, fra\u00df den Ritter mit einem Haps auf und beschwerte sich: \u201eKann man dich nicht einen Moment alleine lassen, ohne dass du Unfug machst? Na ja, wenigstens hast du dich ums Abendessen gek\u00fcmmert!\u201c<\/em><\/p>\n<p>Drachen. Es gibt es sie wirklich, eine faszinierende Welt. 21 Kurzgeschichten laden zu faszinierenden Expeditionen ein. Spannende Lesemomente f\u00fcr<\/p>\n","protected":false},"excerpt":{"rendered":"<p>&#8222;Drachenfl\u00fcge&#8220; Kalindus sah dem Ritter in die Augen und wusste, sein Leben war verwirkt. \u201eIch habe dich besiegt\u201c, \u00e4chzte der Mann und setzte das scharfe Schwert \u00fcber das Hauptherz des Drachen. Durch den Kampf hatte er dort seine Panzerung verloren. \u201eT\u00f6te mich nicht! Ich werde nie wieder deine St\u00e4dte heimsuchen oder Felder verw\u00fcsten. Bitte!\u201c Doch [&hellip;]<\/p>\n","protected":false},"author":1,"featured_media":0,"parent":9,"menu_order":1,"comment_status":"closed","ping_status":"closed","template":"","meta":[],"_links":{"self":[{"href":"http:\/\/wfw.hottenstein.de\/index.php?rest_route=\/wp\/v2\/pages\/71"}],"collection":[{"href":"http:\/\/wfw.hottenstein.de\/index.php?rest_route=\/wp\/v2\/pages"}],"about":[{"href":"http:\/\/wfw.hottenstein.de\/index.php?rest_route=\/wp\/v2\/types\/page"}],"author":[{"embeddable":true,"href":"http:\/\/wfw.hottenstein.de\/index.php?rest_route=\/wp\/v2\/users\/1"}],"replies":[{"embeddable":true,"href":"http:\/\/wfw.hottenstein.de\/index.php?rest_route=%2Fwp%2Fv2%2Fcomments&post=71"}],"version-history":[{"count":1,"href":"http:\/\/wfw.hottenstein.de\/index.php?rest_route=\/wp\/v2\/pages\/71\/revisions"}],"predecessor-version":[{"id":72,"href":"http:\/\/wfw.hottenstein.de\/index.php?rest_route=\/wp\/v2\/pages\/71\/revisions\/72"}],"up":[{"embeddable":true,"href":"http:\/\/wfw.hottenstein.de\/index.php?rest_route=\/wp\/v2\/pages\/9"}],"wp:attachment":[{"href":"http:\/\/wfw.hottenstein.de\/index.php?rest_route=%2Fwp%2Fv2%2Fmedia&parent=71"}],"curies":[{"name":"wp","href":"https:\/\/api.w.org\/{rel}","templated":true}]}}