{"id":67,"date":"2016-05-16T15:39:46","date_gmt":"2016-05-16T14:39:46","guid":{"rendered":"http:\/\/drachen.hottenstein.de\/?page_id=67"},"modified":"2016-05-16T15:39:46","modified_gmt":"2016-05-16T14:39:46","slug":"axlung","status":"publish","type":"page","link":"http:\/\/wfw.hottenstein.de\/?page_id=67","title":{"rendered":"Axlung"},"content":{"rendered":"<p>Es gibt sie noch, die letzten Drachen! Heimlich und nahezu unbemerkt leben sie in W\u00e4lder<a href=\"http:\/\/sabine-hartmann-sibbesse.de\/wp-content\/uploads\/2014\/11\/Titel-Axlung.jpg\"><img decoding=\"async\" loading=\"lazy\" class=\"alignright wp-image-142 size-medium\" src=\"http:\/\/sabine-hartmann-sibbesse.de\/wp-content\/uploads\/2014\/11\/Titel-Axlung-194x300.jpg\" alt=\"Titel Axlung\" width=\"194\" height=\"300\" \/><\/a>n, Meeren und auf Bergen, denn sie sind in gro\u00dfer Gefahr. Nur wenige Menschen sch\u00fctzen ihre letzten Verstecke. Als die Feuerdrachen dennoch fliehen m\u00fcssen, bleiben ihre Eier zur\u00fcck, die von Ersatzeltern ausgebr\u00fctet und aufgezogen werden. Nur nach und nach finden sich die Drachengeschwister wieder. Sie machen sich auf den Weg, weitere Artgenossen zu suchen und geraten dabei in das Visier eines Basilisken. Diese b\u00f6sartigen Lindw\u00fcrmer k\u00f6nnen ihre Jungen nur in Drachenkadavern aufziehen. Deshalb droht ihre Art auszusterben. Die letzten befinden sich in der Obhut eines Ordens, der den Gl\u00fccksdrachen Axlung gefangen h\u00e4lt. Doch der Basilisk will mehr. Er braucht die K\u00f6rper der drei Drachenkinder.<\/p>\n<p>C.W. Niemeyer Verlag, ISBN 978-3-8271-9590-6, Sep. 2014, 256 Seiten, 7,95<\/p>\n","protected":false},"excerpt":{"rendered":"<p>Es gibt sie noch, die letzten Drachen! Heimlich und nahezu unbemerkt leben sie in W\u00e4ldern, Meeren und auf Bergen, denn sie sind in gro\u00dfer Gefahr. Nur wenige Menschen sch\u00fctzen ihre letzten Verstecke. Als die Feuerdrachen dennoch fliehen m\u00fcssen, bleiben ihre Eier zur\u00fcck, die von Ersatzeltern ausgebr\u00fctet und aufgezogen werden. Nur nach und nach finden sich [&hellip;]<\/p>\n","protected":false},"author":1,"featured_media":0,"parent":9,"menu_order":3,"comment_status":"closed","ping_status":"closed","template":"","meta":[],"_links":{"self":[{"href":"http:\/\/wfw.hottenstein.de\/index.php?rest_route=\/wp\/v2\/pages\/67"}],"collection":[{"href":"http:\/\/wfw.hottenstein.de\/index.php?rest_route=\/wp\/v2\/pages"}],"about":[{"href":"http:\/\/wfw.hottenstein.de\/index.php?rest_route=\/wp\/v2\/types\/page"}],"author":[{"embeddable":true,"href":"http:\/\/wfw.hottenstein.de\/index.php?rest_route=\/wp\/v2\/users\/1"}],"replies":[{"embeddable":true,"href":"http:\/\/wfw.hottenstein.de\/index.php?rest_route=%2Fwp%2Fv2%2Fcomments&post=67"}],"version-history":[{"count":1,"href":"http:\/\/wfw.hottenstein.de\/index.php?rest_route=\/wp\/v2\/pages\/67\/revisions"}],"predecessor-version":[{"id":68,"href":"http:\/\/wfw.hottenstein.de\/index.php?rest_route=\/wp\/v2\/pages\/67\/revisions\/68"}],"up":[{"embeddable":true,"href":"http:\/\/wfw.hottenstein.de\/index.php?rest_route=\/wp\/v2\/pages\/9"}],"wp:attachment":[{"href":"http:\/\/wfw.hottenstein.de\/index.php?rest_route=%2Fwp%2Fv2%2Fmedia&parent=67"}],"curies":[{"name":"wp","href":"https:\/\/api.w.org\/{rel}","templated":true}]}}