{"id":554,"date":"2018-08-04T11:30:47","date_gmt":"2018-08-04T10:30:47","guid":{"rendered":"http:\/\/wfw.hottenstein.de\/?page_id=554"},"modified":"2018-08-04T11:45:54","modified_gmt":"2018-08-04T10:45:54","slug":"holle-krimi","status":"publish","type":"page","link":"http:\/\/wfw.hottenstein.de\/?page_id=554","title":{"rendered":"Holle-Krimi"},"content":{"rendered":"<p>Als Bea ihren Auftraggeber, den Bauunternehmer Dehning, tot in seinem B\u00fcro auffindet, flieht sie aus dem Haus. Damit will sie nichts zu tun haben.<\/p>\n<p>Doch ihre Vergangenheit holt sie ein, selbst in Holle, wo sie sich sicher f\u00fchlte. Sie muss sich entscheiden: fliehen oder k\u00e4mpfen?<\/p>\n<p>F\u00fcr die Hildesheimer Kommissare und ihren Holler Kollegen Nils deutet alles darauf hin, dass Dehnings Tod mit dem Bau des Autobahnkreuzes oder der Stromtrasse zusammenh\u00e4ngt.<\/p>\n<p>Doch wie passen die gestohlenen Kunstwerke und der tote Angler ins Bild?<img decoding=\"async\" loading=\"lazy\" class=\"alignright size-medium wp-image-555\" src=\"http:\/\/wfw.hottenstein.de\/wp-content\/uploads\/2018\/08\/Cover-Zu-sp\u00e4t-schon-tot-196x300.jpg\" alt=\"\" width=\"196\" height=\"300\" srcset=\"http:\/\/wfw.hottenstein.de\/wp-content\/uploads\/2018\/08\/Cover-Zu-sp\u00e4t-schon-tot-196x300.jpg 196w, http:\/\/wfw.hottenstein.de\/wp-content\/uploads\/2018\/08\/Cover-Zu-sp\u00e4t-schon-tot.jpg 548w\" sizes=\"(max-width: 196px) 100vw, 196px\" \/><\/p>\n","protected":false},"excerpt":{"rendered":"<p>Als Bea ihren Auftraggeber, den Bauunternehmer Dehning, tot in seinem B\u00fcro auffindet, flieht sie aus dem Haus. Damit will sie nichts zu tun haben. Doch ihre Vergangenheit holt sie ein, selbst in Holle, wo sie sich sicher f\u00fchlte. Sie muss sich entscheiden: fliehen oder k\u00e4mpfen? F\u00fcr die Hildesheimer Kommissare und ihren Holler Kollegen Nils deutet [&hellip;]<\/p>\n","protected":false},"author":1,"featured_media":0,"parent":387,"menu_order":4,"comment_status":"closed","ping_status":"closed","template":"","meta":[],"_links":{"self":[{"href":"http:\/\/wfw.hottenstein.de\/index.php?rest_route=\/wp\/v2\/pages\/554"}],"collection":[{"href":"http:\/\/wfw.hottenstein.de\/index.php?rest_route=\/wp\/v2\/pages"}],"about":[{"href":"http:\/\/wfw.hottenstein.de\/index.php?rest_route=\/wp\/v2\/types\/page"}],"author":[{"embeddable":true,"href":"http:\/\/wfw.hottenstein.de\/index.php?rest_route=\/wp\/v2\/users\/1"}],"replies":[{"embeddable":true,"href":"http:\/\/wfw.hottenstein.de\/index.php?rest_route=%2Fwp%2Fv2%2Fcomments&post=554"}],"version-history":[{"count":1,"href":"http:\/\/wfw.hottenstein.de\/index.php?rest_route=\/wp\/v2\/pages\/554\/revisions"}],"predecessor-version":[{"id":556,"href":"http:\/\/wfw.hottenstein.de\/index.php?rest_route=\/wp\/v2\/pages\/554\/revisions\/556"}],"up":[{"embeddable":true,"href":"http:\/\/wfw.hottenstein.de\/index.php?rest_route=\/wp\/v2\/pages\/387"}],"wp:attachment":[{"href":"http:\/\/wfw.hottenstein.de\/index.php?rest_route=%2Fwp%2Fv2%2Fmedia&parent=554"}],"curies":[{"name":"wp","href":"https:\/\/api.w.org\/{rel}","templated":true}]}}