{"id":464,"date":"2017-12-03T19:19:07","date_gmt":"2017-12-03T18:19:07","guid":{"rendered":"http:\/\/wfw.hottenstein.de\/?page_id=464"},"modified":"2017-12-03T19:20:08","modified_gmt":"2017-12-03T18:20:08","slug":"adventsbuch-alles-zu-seiner-zeit","status":"publish","type":"page","link":"http:\/\/wfw.hottenstein.de\/?page_id=464","title":{"rendered":"Adventsbuch: Alles zu seiner Zeit"},"content":{"rendered":"<p><strong>F\u00fcr jeden Tag im Advent: 24 Geschichten plus Bastelidee oder Rezept.<\/strong><\/p>\n<p><img decoding=\"async\" loading=\"lazy\" class=\"size-medium wp-image-465 alignleft\" src=\"http:\/\/wfw.hottenstein.de\/wp-content\/uploads\/2017\/12\/Adventsbuch_Titel-198x300.png\" alt=\"\" width=\"198\" height=\"300\" srcset=\"http:\/\/wfw.hottenstein.de\/wp-content\/uploads\/2017\/12\/Adventsbuch_Titel-198x300.png 198w, http:\/\/wfw.hottenstein.de\/wp-content\/uploads\/2017\/12\/Adventsbuch_Titel-768x1164.png 768w, http:\/\/wfw.hottenstein.de\/wp-content\/uploads\/2017\/12\/Adventsbuch_Titel-675x1024.png 675w\" sizes=\"(max-width: 198px) 100vw, 198px\" \/><\/p>\n<p>Ein Adventsbuch f\u00fcr die gesamte Familie, zum Vorlesen und selber Lesen, f\u00fcr Klein und Gro\u00df. Geschichten f\u00fcr jeden Tag der Adventszeit zum Tr\u00e4umen, Lachen und Nachdenken, mit passenden Zeichnungen f\u00fcr jedes Alter. Ein vielseitiges Buch, das die Geister vergangener, jetziger und zuk\u00fcnftiger adventlicher Tage einf\u00e4ngt und an die Leser weitergibt, mal klassisch oder ganz anders, nie dagewesen.<\/p>\n<p>Winterzeit ist Bastelzeit und bietet Raum f\u00fcr gem\u00fctliche Stunden. Illustrierte Anleitungen f\u00fcr kleine Bastelarbeiten oder au\u00dfergew\u00f6hnliche Leckereien begleiten die 24 Tage im Advent.<\/p>\n<p>So steht der Vorfreude auf das Weihnachtsfest nichts im Wege.<\/p>\n<p>&nbsp;<\/p>\n<p>Die beteiligten Autoren und Autorinnen:<\/p>\n<p>Ulrike Boblitz<\/p>\n<p>Ulrike Corcilius<\/p>\n<p>Sabine Hartmann<\/p>\n<p>Katharina Henning<\/p>\n<p>Peter Hereld<\/p>\n<p>Dieter Hinze<\/p>\n<p>Jens K\u00fchn<\/p>\n<p>Gudrun Menke<\/p>\n<p>Ilke Meyer-Delvendahl<\/p>\n<p>Diana Naumann<\/p>\n<p>Sabine Palandt<\/p>\n<p>Beate Rautenstrauch<\/p>\n<p>Suntje Sander<\/p>\n<p>Ilustrationen von: Heidi Kentzler<\/p>\n","protected":false},"excerpt":{"rendered":"<p>F\u00fcr jeden Tag im Advent: 24 Geschichten plus Bastelidee oder Rezept. Ein Adventsbuch f\u00fcr die gesamte Familie, zum Vorlesen und selber Lesen, f\u00fcr Klein und Gro\u00df. Geschichten f\u00fcr jeden Tag der Adventszeit zum Tr\u00e4umen, Lachen und Nachdenken, mit passenden Zeichnungen f\u00fcr jedes Alter. Ein vielseitiges Buch, das die Geister vergangener, jetziger und zuk\u00fcnftiger adventlicher Tage [&hellip;]<\/p>\n","protected":false},"author":1,"featured_media":0,"parent":387,"menu_order":1,"comment_status":"closed","ping_status":"closed","template":"","meta":[],"_links":{"self":[{"href":"http:\/\/wfw.hottenstein.de\/index.php?rest_route=\/wp\/v2\/pages\/464"}],"collection":[{"href":"http:\/\/wfw.hottenstein.de\/index.php?rest_route=\/wp\/v2\/pages"}],"about":[{"href":"http:\/\/wfw.hottenstein.de\/index.php?rest_route=\/wp\/v2\/types\/page"}],"author":[{"embeddable":true,"href":"http:\/\/wfw.hottenstein.de\/index.php?rest_route=\/wp\/v2\/users\/1"}],"replies":[{"embeddable":true,"href":"http:\/\/wfw.hottenstein.de\/index.php?rest_route=%2Fwp%2Fv2%2Fcomments&post=464"}],"version-history":[{"count":2,"href":"http:\/\/wfw.hottenstein.de\/index.php?rest_route=\/wp\/v2\/pages\/464\/revisions"}],"predecessor-version":[{"id":467,"href":"http:\/\/wfw.hottenstein.de\/index.php?rest_route=\/wp\/v2\/pages\/464\/revisions\/467"}],"up":[{"embeddable":true,"href":"http:\/\/wfw.hottenstein.de\/index.php?rest_route=\/wp\/v2\/pages\/387"}],"wp:attachment":[{"href":"http:\/\/wfw.hottenstein.de\/index.php?rest_route=%2Fwp%2Fv2%2Fmedia&parent=464"}],"curies":[{"name":"wp","href":"https:\/\/api.w.org\/{rel}","templated":true}]}}