{"id":442,"date":"2017-12-03T19:00:31","date_gmt":"2017-12-03T18:00:31","guid":{"rendered":"http:\/\/wfw.hottenstein.de\/?page_id=442"},"modified":"2017-12-03T19:00:31","modified_gmt":"2017-12-03T18:00:31","slug":"suntje-sander","status":"publish","type":"page","link":"http:\/\/wfw.hottenstein.de\/?page_id=442","title":{"rendered":"Suntje Sander"},"content":{"rendered":"<p><img decoding=\"async\" loading=\"lazy\" class=\"size-medium wp-image-440 alignleft\" src=\"http:\/\/wfw.hottenstein.de\/wp-content\/uploads\/2017\/12\/Suntje-Sander-169x300.jpg\" alt=\"\" width=\"169\" height=\"300\" srcset=\"http:\/\/wfw.hottenstein.de\/wp-content\/uploads\/2017\/12\/Suntje-Sander-169x300.jpg 169w, http:\/\/wfw.hottenstein.de\/wp-content\/uploads\/2017\/12\/Suntje-Sander-768x1365.jpg 768w, http:\/\/wfw.hottenstein.de\/wp-content\/uploads\/2017\/12\/Suntje-Sander-576x1024.jpg 576w\" sizes=\"(max-width: 169px) 100vw, 169px\" \/>die Mittf\u00fcnfzigerin, lebt mit ihrer Familie in Bad Salzdetfurth. Lesen war ihr zentrales Interesse, bis der Tag der Federansetzung kam. Im Autorenkreis \u201aWort f\u00fcr Wort\u2018 beschloss sie, aus Spa\u00df an der Freude, Geschichten zu schreiben. Bedeutsam an Weihnachten sind f\u00fcr sie die sich j\u00e4hrlich wiederholenden Rituale, die die Zeit in der immer schneller werdenden Welt verlangsamen.<\/p>\n","protected":false},"excerpt":{"rendered":"<p>die Mittf\u00fcnfzigerin, lebt mit ihrer Familie in Bad Salzdetfurth. Lesen war ihr zentrales Interesse, bis der Tag der Federansetzung kam. Im Autorenkreis \u201aWort f\u00fcr Wort\u2018 beschloss sie, aus Spa\u00df an der Freude, Geschichten zu schreiben. Bedeutsam an Weihnachten sind f\u00fcr sie die sich j\u00e4hrlich wiederholenden Rituale, die die Zeit in der immer schneller werdenden Welt [&hellip;]<\/p>\n","protected":false},"author":1,"featured_media":0,"parent":420,"menu_order":3,"comment_status":"closed","ping_status":"closed","template":"","meta":[],"_links":{"self":[{"href":"http:\/\/wfw.hottenstein.de\/index.php?rest_route=\/wp\/v2\/pages\/442"}],"collection":[{"href":"http:\/\/wfw.hottenstein.de\/index.php?rest_route=\/wp\/v2\/pages"}],"about":[{"href":"http:\/\/wfw.hottenstein.de\/index.php?rest_route=\/wp\/v2\/types\/page"}],"author":[{"embeddable":true,"href":"http:\/\/wfw.hottenstein.de\/index.php?rest_route=\/wp\/v2\/users\/1"}],"replies":[{"embeddable":true,"href":"http:\/\/wfw.hottenstein.de\/index.php?rest_route=%2Fwp%2Fv2%2Fcomments&post=442"}],"version-history":[{"count":1,"href":"http:\/\/wfw.hottenstein.de\/index.php?rest_route=\/wp\/v2\/pages\/442\/revisions"}],"predecessor-version":[{"id":443,"href":"http:\/\/wfw.hottenstein.de\/index.php?rest_route=\/wp\/v2\/pages\/442\/revisions\/443"}],"up":[{"embeddable":true,"href":"http:\/\/wfw.hottenstein.de\/index.php?rest_route=\/wp\/v2\/pages\/420"}],"wp:attachment":[{"href":"http:\/\/wfw.hottenstein.de\/index.php?rest_route=%2Fwp%2Fv2%2Fmedia&parent=442"}],"curies":[{"name":"wp","href":"https:\/\/api.w.org\/{rel}","templated":true}]}}