{"id":423,"date":"2017-12-03T18:49:00","date_gmt":"2017-12-03T17:49:00","guid":{"rendered":"http:\/\/wfw.hottenstein.de\/?page_id=423"},"modified":"2021-03-07T14:31:05","modified_gmt":"2021-03-07T13:31:05","slug":"sabine-hartmann","status":"publish","type":"page","link":"http:\/\/wfw.hottenstein.de\/?page_id=423","title":{"rendered":"Sabine Hartmann"},"content":{"rendered":"\n<p>Als wir uns beim Abendessen unterhielten, was Leserinnen und Leser wohl gern \u00fcber mich als Autorin wissen w\u00fcrden, sagte mein j\u00fcngerer Sohn Stefan: &#8222;Schreib doch bei Wolfgang Hohlbein ab. \u00dcber den steht in allen B\u00fcchern das gleiche:\u00b4&#8230; lebt mit seiner Frau, sechs Kindern sowie einer stattlichen Anzahl von Katzen in &#8230;\u00b4 &#8211; nur bei uns eben ohne Katzen.&#8220;<\/p>\n\n\n\n<figure class=\"wp-block-image size-large is-resized is-style-rounded\"><img decoding=\"async\" loading=\"lazy\" src=\"http:\/\/wfw.hottenstein.de\/wp-content\/uploads\/2021\/03\/Bine-10-2019-772x1024.jpg\" alt=\"\" class=\"wp-image-814\" width=\"193\" height=\"256\" srcset=\"http:\/\/wfw.hottenstein.de\/wp-content\/uploads\/2021\/03\/Bine-10-2019-772x1024.jpg 772w, http:\/\/wfw.hottenstein.de\/wp-content\/uploads\/2021\/03\/Bine-10-2019-226x300.jpg 226w, http:\/\/wfw.hottenstein.de\/wp-content\/uploads\/2021\/03\/Bine-10-2019-768x1019.jpg 768w, http:\/\/wfw.hottenstein.de\/wp-content\/uploads\/2021\/03\/Bine-10-2019-1158x1536.jpg 1158w, http:\/\/wfw.hottenstein.de\/wp-content\/uploads\/2021\/03\/Bine-10-2019-1544x2048.jpg 1544w, http:\/\/wfw.hottenstein.de\/wp-content\/uploads\/2021\/03\/Bine-10-2019-scaled.jpg 1930w\" sizes=\"(max-width: 193px) 100vw, 193px\" \/><\/figure>\n\n\n\n<p>&#8222;Soll das hei\u00dfen, dass du in jedem Fall erw\u00e4hnt werden m\u00f6chtest?&#8220;<br>&#8222;Klar, ich tippe ja auch manchmal was f\u00fcr dich und lese Korrektur.&#8220;<br>Stimmt, wenn ich einen neuen Text oder ein neues Kapitel anfange, schreibe ich die ersten Seiten mit der Hand, weil ich mich dann in beliebiger Stellung irgendwo hinl\u00fcmmeln und bequem formulieren, streichen und umschreiben kann. Wenn ich Gl\u00fcck habe, tippt er mir diese ersten Zeilen. Anschlie\u00dfend kann ich korrigieren und danach gleich weiter tippen. Au\u00dferdem liest er ganz am Ende noch einmal den gesamten Text und findet alle Stellen, an denen der Leser noch Informationen braucht, weil er mit den Personen, dem Fall oder der Gegend nicht so vertraut ist wie ich.<br>Er muss also in jedem Fall erw\u00e4hnt werden.<br>Und dann ist da noch mein Mann. Er hat die Angewohnheit, nach dem ersten und auch nach dem f\u00fcnften Lesen diese schrecklich pr\u00e4zisen Fragen zu stellen.<br>&#8222;Ich verstehe nicht, wie A von X nach Y gekommen ist&#8220; oder &#8222;Warum macht F das? Das ist gar nicht logisch.&#8220;<br>Danach muss ich meist noch eine ganze Menge an meinen Texten arbeiten. Nicht zu vergessen sind auch die stundenlangen Spazierg\u00e4nge durch die Feldmark oder unsere Buchenw\u00e4lder, bei denen wir am Plot feilen, bis die Story funktioniert.<br>Also muss auch mein Mann unbedingt erw\u00e4hnt werden.<br>Schlie\u00dflich gibt es noch meinen \u00e4lteren Sohn Andreas, der selbst Geschichten schreibt und recht wortkarg hilft. &#8222;Geht so&#8220; hei\u00dft: taugt gar nichts, &#8222;der Anfang ist gut&#8220; bedeutet: langweilige Story und &#8222;ja&#8220; sagt mir: kannst du abschicken.<br>Auch er muss also unbedingt erw\u00e4hnt werden.<br>Okay! So h\u00e4tten wir folgenden Text:<br>Sabine Hartmann, geboren und aufgewachsen in Berlin, lebt mit ihrem Mann und zwei erwachsenen S\u00f6hnen in einem Dorf in Niedersachsen. Ihren Lebensunterhalt verdient sie als Schulleiterin. Sie schreibt schon seit vielen Jahren, ist Mitglied bei den M\u00f6rderischen Schwestern und im Syndikat.<br>In ihrer Freizeit engagiert sie sich in der Lese- und Schreibf\u00f6rderung (Arbeitsgemeinschaft Jugendliteratur und Medien der GEW &#8211; www.ajum.de), leitet einen Autorenkreis und bietet Schreibwerkst\u00e4tten an.<br>Sie hat Kriminalromane, Kriminalkurzgeschichten und weitere Texte in diversen Anthologien und Literaturzeitschriften ver\u00f6ffentlicht und Auszeichnungen erhalten.<br>Bei C.W. Niemeyer sind die Weserberglandkrimis &#8222;Ausweichman\u00f6ver&#8220; und &#8222;Nur ein Katzensprung&#8220; sowie die Hildesheim-Krimis &#8222;Mords Idylle&#8220; und &#8222;Sechs, Sieben, Cache&#8220;, &#8222;Abger\u00e4umt oder Niemand l\u00fcgt f\u00fcr sich allein&#8220;, &#8222;Wutb\u00fcrger&#8220; und &#8222;Knochen der Weisen&#8220; sowie die Jugendkrimis &#8222;Eiskalt verzockt&#8220; und&nbsp; &#8222;Katzenmelodie&#8220; erschienen. Au\u00dferdem die Fantasyromane &#8222;Axlung&#8220; und &#8222;Lavadrachen&#8220;.<\/p>\n\n\n\n<p>Seit 2012 erscheinen regelm\u00e4\u00dfig Regionalkrimis, Anthologien und Kinderb\u00fccher im Hottenstein Buchverlag.<\/p>\n\n\n\n<p>Mehr Informationen unter: www.sabine-hartmann-sibbesse.de<\/p>\n","protected":false},"excerpt":{"rendered":"<p>Als wir uns beim Abendessen unterhielten, was Leserinnen und Leser wohl gern \u00fcber mich als Autorin wissen w\u00fcrden, sagte mein j\u00fcngerer Sohn Stefan: &#8222;Schreib doch bei Wolfgang Hohlbein ab. \u00dcber den steht in allen B\u00fcchern das gleiche:\u00b4&#8230; lebt mit seiner Frau, sechs Kindern sowie einer stattlichen Anzahl von Katzen in &#8230;\u00b4 &#8211; nur bei uns [&hellip;]<\/p>\n","protected":false},"author":1,"featured_media":0,"parent":420,"menu_order":2,"comment_status":"closed","ping_status":"closed","template":"","meta":[],"_links":{"self":[{"href":"http:\/\/wfw.hottenstein.de\/index.php?rest_route=\/wp\/v2\/pages\/423"}],"collection":[{"href":"http:\/\/wfw.hottenstein.de\/index.php?rest_route=\/wp\/v2\/pages"}],"about":[{"href":"http:\/\/wfw.hottenstein.de\/index.php?rest_route=\/wp\/v2\/types\/page"}],"author":[{"embeddable":true,"href":"http:\/\/wfw.hottenstein.de\/index.php?rest_route=\/wp\/v2\/users\/1"}],"replies":[{"embeddable":true,"href":"http:\/\/wfw.hottenstein.de\/index.php?rest_route=%2Fwp%2Fv2%2Fcomments&post=423"}],"version-history":[{"count":6,"href":"http:\/\/wfw.hottenstein.de\/index.php?rest_route=\/wp\/v2\/pages\/423\/revisions"}],"predecessor-version":[{"id":815,"href":"http:\/\/wfw.hottenstein.de\/index.php?rest_route=\/wp\/v2\/pages\/423\/revisions\/815"}],"up":[{"embeddable":true,"href":"http:\/\/wfw.hottenstein.de\/index.php?rest_route=\/wp\/v2\/pages\/420"}],"wp:attachment":[{"href":"http:\/\/wfw.hottenstein.de\/index.php?rest_route=%2Fwp%2Fv2%2Fmedia&parent=423"}],"curies":[{"name":"wp","href":"https:\/\/api.w.org\/{rel}","templated":true}]}}