{"id":387,"date":"2017-07-02T21:23:23","date_gmt":"2017-07-02T20:23:23","guid":{"rendered":"http:\/\/wfw.hottenstein.de\/?page_id=387"},"modified":"2023-10-30T21:28:45","modified_gmt":"2023-10-30T20:28:45","slug":"projekte","status":"publish","type":"page","link":"http:\/\/wfw.hottenstein.de\/?page_id=387","title":{"rendered":"Projekte"},"content":{"rendered":"<ul>\n<li><a href=\"http:\/\/wfw.hottenstein.de\/wp-admin\/post.php?post=828&amp;action=edit\">Rapido Caracol &#8211; Finn und Lara jagen den Fahrraddieb &#8211; Sabine Hartmann<\/a><\/li>\n<li><a href=\"http:\/\/wfw.hottenstein.de\/wp-admin\/post.php?post=824&amp;action=edit\">Ein K\u00f6rnchen Wahrheit f\u00fcr die Rose des Gl\u00fccks &#8211; Autorenkreis<\/a><\/li>\n<li><a href=\"http:\/\/wfw.hottenstein.de\/wp-admin\/post.php?post=820&amp;action=edit\">Il Mondo Carillon &#8211; Die Welt hinter der Spieluhr von Diana Naumann<\/a><\/li>\n<li><a href=\"http:\/\/wfw.hottenstein.de\/?page_id=396\">Die Abenteuer des Hauselfen Carlito &#8211; Ulrike Boblitz<\/a><\/li>\n<li><a href=\"http:\/\/wfw.hottenstein.de\/?page_id=554\">Holle-Krimi: Zu sp\u00e4t &#8211; schon tot &#8211; Sabine Hartmann<\/a><\/li>\n<\/ul>\n\n\n<ul>\n<li><a href=\"http:\/\/wfw.hottenstein.de\/?p=936\" data-type=\"URL\" data-id=\"http:\/\/wfw.hottenstein.de\/?p=936\">Nunataks &#8211; Quiz<\/a><\/li>\n<\/ul>\n\n\n\n<p><\/p>\n","protected":false},"excerpt":{"rendered":"<p>Rapido Caracol &#8211; Finn und Lara jagen den Fahrraddieb &#8211; Sabine Hartmann Ein K\u00f6rnchen Wahrheit f\u00fcr die Rose des Gl\u00fccks &#8211; Autorenkreis Il Mondo Carillon &#8211; Die Welt hinter der Spieluhr von Diana Naumann Die Abenteuer des Hauselfen Carlito &#8211; Ulrike Boblitz Holle-Krimi: Zu sp\u00e4t &#8211; schon tot &#8211; Sabine Hartmann<\/p>\n","protected":false},"author":1,"featured_media":0,"parent":0,"menu_order":0,"comment_status":"closed","ping_status":"closed","template":"","meta":[],"_links":{"self":[{"href":"http:\/\/wfw.hottenstein.de\/index.php?rest_route=\/wp\/v2\/pages\/387"}],"collection":[{"href":"http:\/\/wfw.hottenstein.de\/index.php?rest_route=\/wp\/v2\/pages"}],"about":[{"href":"http:\/\/wfw.hottenstein.de\/index.php?rest_route=\/wp\/v2\/types\/page"}],"author":[{"embeddable":true,"href":"http:\/\/wfw.hottenstein.de\/index.php?rest_route=\/wp\/v2\/users\/1"}],"replies":[{"embeddable":true,"href":"http:\/\/wfw.hottenstein.de\/index.php?rest_route=%2Fwp%2Fv2%2Fcomments&post=387"}],"version-history":[{"count":11,"href":"http:\/\/wfw.hottenstein.de\/index.php?rest_route=\/wp\/v2\/pages\/387\/revisions"}],"predecessor-version":[{"id":939,"href":"http:\/\/wfw.hottenstein.de\/index.php?rest_route=\/wp\/v2\/pages\/387\/revisions\/939"}],"wp:attachment":[{"href":"http:\/\/wfw.hottenstein.de\/index.php?rest_route=%2Fwp%2Fv2%2Fmedia&parent=387"}],"curies":[{"name":"wp","href":"https:\/\/api.w.org\/{rel}","templated":true}]}}